{"id":112,"date":"2011-09-24T19:29:29","date_gmt":"2011-09-24T17:29:29","guid":{"rendered":"http:\/\/michelmontlahuc.wordpress.com\/?page_id=112"},"modified":"2019-11-08T10:23:58","modified_gmt":"2019-11-08T09:23:58","slug":"renseignements","status":"publish","type":"page","link":"https:\/\/www.couteaux-montlahuc.com\/?page_id=112","title":{"rendered":"Renseignements et commandes"},"content":{"rendered":"<p>Vous souhaitez avoir des renseignements sur un mod\u00e8le pr\u00e9sent\u00e9, conna\u00eetre les possibilit\u00e9s pour une r\u00e9alisation personnalis\u00e9e ? N&rsquo;h\u00e9sitez pas \u00e0 me contacter, je vous apporterai toutes les pr\u00e9cisions utiles.<\/p>\n<p>Les prix sont toujours calcul\u00e9s au plus juste et n&rsquo;ont rien \u00e0 voir avec ceux que vous pouvez lire sur certains sites et forums.<\/p>\n<p>Par t\u00e9l\u00e9phone +(33)6 75 52 73 93<\/p>\n<p>Par mail\u00a0: michel.montlahuc@gmail.com<\/p>\n<p>Pour vous guider, la page <a title=\"Ma gamme d\u2019Opinel customs\" href=\"http:\/\/www.couteaux-montlahuc.com\/?page_id=147\">La gamme<\/a> vous pr\u00e9sente les principales possibilit\u00e9s de r\u00e9alisation au niveau des mat\u00e9riaux, des formes de manche, des motifs de guillochage.<\/p>\n<p>Les mod\u00e8les disponibles \u00e0 la vente sont pr\u00e9sent\u00e9s dans la page Boutique, mais ce n&rsquo;est pas syst\u00e9matique. Vous pouvez m&rsquo;indiquer le mod\u00e8le que vous recherchez et je vous renseignerai.<\/p>\n<p>N&rsquo;oubliez pas que les commandes personnalis\u00e9es sont toujours possibles. Vous pouvez ainsi acc\u00e9der au mod\u00e8le de votre choix (forme, taille et type de lame, guillochage, mat\u00e9riaux&#8230;) aux m\u00eames conditions. Seuls les mod\u00e8les avec des mat\u00e9riaux plus luxueux, ou avec un travail plus complexe comme la sculpture ou le scrimshaw entrainent un suppl\u00e9ment. Les d\u00e9lais sont en fonction de la disponibilit\u00e9 des mat\u00e9riaux et des commandes en cours.<\/p>\n<p>Pour faciliter le choix d&rsquo;un mod\u00e8le de la gamme classique, voici la correspondance des tailles avec les longueurs de lame en cm :<\/p>\n<table style=\"height: 194px;\" width=\"362\" border=\"1\" cellspacing=\"0\" cellpadding=\"0\">\n<tbody>\n<tr>\n<td style=\"text-align: center;\" valign=\"top\" width=\"307\">Taille<\/td>\n<td style=\"text-align: center;\" valign=\"top\" width=\"307\">Longueur de lame<\/td>\n<\/tr>\n<tr>\n<td style=\"text-align: center;\" valign=\"top\" width=\"307\">N\u00b02<\/td>\n<td style=\"text-align: center;\" valign=\"top\" width=\"307\">3.5 cm<\/td>\n<\/tr>\n<tr>\n<td style=\"text-align: center;\" valign=\"top\" width=\"307\">N\u00b03<\/td>\n<td style=\"text-align: center;\" valign=\"top\" width=\"307\">4 cm<\/td>\n<\/tr>\n<tr>\n<td style=\"text-align: center;\" valign=\"top\" width=\"307\">N\u00b04<\/td>\n<td style=\"text-align: center;\" valign=\"top\" width=\"307\">5 cm<\/td>\n<\/tr>\n<tr>\n<td style=\"text-align: center;\" valign=\"top\" width=\"307\">N\u00b05<\/td>\n<td style=\"text-align: center;\" valign=\"top\" width=\"307\">6 cm<\/td>\n<\/tr>\n<tr>\n<td style=\"text-align: center;\" valign=\"top\" width=\"307\">N\u00b06<\/td>\n<td style=\"text-align: center;\" valign=\"top\" width=\"307\">7 cm<\/td>\n<\/tr>\n<tr>\n<td style=\"text-align: center;\" valign=\"top\" width=\"307\">N\u00b07<\/td>\n<td style=\"text-align: center;\" valign=\"top\" width=\"307\">8 cm<\/td>\n<\/tr>\n<tr>\n<td style=\"text-align: center;\" valign=\"top\" width=\"307\">N\u00b08<\/td>\n<td style=\"text-align: center;\" valign=\"top\" width=\"307\">8.5 cm<\/td>\n<\/tr>\n<tr>\n<td style=\"text-align: center;\" valign=\"top\" width=\"307\">N\u00b09<\/td>\n<td style=\"text-align: center;\" valign=\"top\" width=\"307\">9 cm<\/td>\n<\/tr>\n<tr>\n<td style=\"text-align: center;\" valign=\"top\" width=\"307\">N\u00b010<\/td>\n<td style=\"text-align: center;\" valign=\"top\" width=\"307\">10 cm<\/td>\n<\/tr>\n<tr>\n<td style=\"text-align: center;\" valign=\"top\" width=\"307\">N\u00b012<\/td>\n<td style=\"text-align: center;\" valign=\"top\" width=\"307\">12 cm<\/td>\n<\/tr>\n<tr>\n<td style=\"text-align: center;\" valign=\"top\" width=\"307\">N\u00b013<\/td>\n<td style=\"text-align: center;\" valign=\"top\" width=\"307\">22 cm<\/td>\n<\/tr>\n<\/tbody>\n<\/table>\n<p>Les effil\u00e9s sont d\u00e9sign\u00e9s directement par leur longueur de lame (8\/10\/12\/15 cm).<\/p>\n","protected":false},"excerpt":{"rendered":"<p>Vous souhaitez avoir des renseignements sur un mod\u00e8le pr\u00e9sent\u00e9, conna\u00eetre les possibilit\u00e9s pour une r\u00e9alisation personnalis\u00e9e ? N&rsquo;h\u00e9sitez pas \u00e0 me contacter, je vous apporterai toutes les pr\u00e9cisions utiles. Les prix sont toujours calcul\u00e9s au plus juste et n&rsquo;ont rien \u00e0 voir avec ceux que vous pouvez lire sur certains sites et forums. Par t\u00e9l\u00e9phone [&hellip;]<\/p>\n","protected":false},"author":1,"featured_media":0,"parent":0,"menu_order":0,"comment_status":"closed","ping_status":"open","template":"","meta":{"om_disable_all_campaigns":false,"_monsterinsights_skip_tracking":false,"_monsterinsights_sitenote_active":false,"_monsterinsights_sitenote_note":"","_monsterinsights_sitenote_category":0,"_uf_show_specific_survey":0,"_uf_disable_surveys":false,"jetpack_post_was_ever_published":false,"footnotes":""},"class_list":["post-112","page","type-page","status-publish","hentry"],"aioseo_notices":[],"jetpack_sharing_enabled":true,"jetpack_shortlink":"https:\/\/wp.me\/P1Ny4E-1O","jetpack_likes_enabled":true,"_links":{"self":[{"href":"https:\/\/www.couteaux-montlahuc.com\/index.php?rest_route=\/wp\/v2\/pages\/112","targetHints":{"allow":["GET"]}}],"collection":[{"href":"https:\/\/www.couteaux-montlahuc.com\/index.php?rest_route=\/wp\/v2\/pages"}],"about":[{"href":"https:\/\/www.couteaux-montlahuc.com\/index.php?rest_route=\/wp\/v2\/types\/page"}],"author":[{"embeddable":true,"href":"https:\/\/www.couteaux-montlahuc.com\/index.php?rest_route=\/wp\/v2\/users\/1"}],"replies":[{"embeddable":true,"href":"https:\/\/www.couteaux-montlahuc.com\/index.php?rest_route=%2Fwp%2Fv2%2Fcomments&post=112"}],"version-history":[{"count":27,"href":"https:\/\/www.couteaux-montlahuc.com\/index.php?rest_route=\/wp\/v2\/pages\/112\/revisions"}],"predecessor-version":[{"id":560,"href":"https:\/\/www.couteaux-montlahuc.com\/index.php?rest_route=\/wp\/v2\/pages\/112\/revisions\/560"}],"wp:attachment":[{"href":"https:\/\/www.couteaux-montlahuc.com\/index.php?rest_route=%2Fwp%2Fv2%2Fmedia&parent=112"}],"curies":[{"name":"wp","href":"https:\/\/api.w.org\/{rel}","templated":true}]}}