{"id":96,"date":"2012-02-12T20:52:07","date_gmt":"2012-02-12T19:52:07","guid":{"rendered":"http:\/\/michelmontlahuc.wordpress.com\/?page_id=96"},"modified":"2019-11-08T10:23:58","modified_gmt":"2019-11-08T09:23:58","slug":"boutique","status":"publish","type":"page","link":"https:\/\/www.couteaux-montlahuc.com\/?page_id=96","title":{"rendered":"Boutique"},"content":{"rendered":"<p>Vous trouverez dans la boutique mes couteaux customs disponibles \u00e0 la vente, ainsi que d&rsquo;autres articles :\u00a0 porte-cl\u00e9s, <a title=\"Firesteels (pierres \u00e0 feu)\" href=\"http:\/\/www.couteaux-montlahuc.com\/?page_id=330\">firesteels<\/a>, pr\u00e9sentoirs&#8230; La r\u00e9alisation \u00e9tant artisanale, la disponibilit\u00e9 est variable. Je r\u00e9ponds \u00e0 toutes vos demandes de renseignements.<\/p>\n<p>Cette gamme de r\u00e9alisations artisanales est compl\u00e9t\u00e9e par des accessoires s\u00e9lectionn\u00e9s pour leur c\u00f4t\u00e9 pratique et leur rapport qualit\u00e9 prix tr\u00e8s int\u00e9ressant (\u00e9tuis Cordura ou cuir, lampes \u00e0 LED&#8230;).<\/p>\n<p>N&rsquo;h\u00e9sitez pas \u00e0 me contacter par mail (michel.montlahuc@gmail.com) pour toute question (d\u00e9tails techniques, modes de r\u00e8glement et d&rsquo;envoi, commande personnalis\u00e9e).<\/p>\n<p>Les paiements par ch\u00e8que ou virement sont accept\u00e9s.<\/p>\n<p style=\"text-align: right;\">\u00a0Bonne visite.<\/p>\n","protected":false},"excerpt":{"rendered":"<p>Vous trouverez dans la boutique mes couteaux customs disponibles \u00e0 la vente, ainsi que d&rsquo;autres articles :\u00a0 porte-cl\u00e9s, firesteels, pr\u00e9sentoirs&#8230; La r\u00e9alisation \u00e9tant artisanale, la disponibilit\u00e9 est variable. Je r\u00e9ponds \u00e0 toutes vos demandes de renseignements. Cette gamme de r\u00e9alisations artisanales est compl\u00e9t\u00e9e par des accessoires s\u00e9lectionn\u00e9s pour leur c\u00f4t\u00e9 pratique et leur rapport qualit\u00e9 [&hellip;]<\/p>\n","protected":false},"author":1,"featured_media":0,"parent":0,"menu_order":0,"comment_status":"closed","ping_status":"open","template":"","meta":{"om_disable_all_campaigns":false,"_monsterinsights_skip_tracking":false,"_monsterinsights_sitenote_active":false,"_monsterinsights_sitenote_note":"","_monsterinsights_sitenote_category":0,"_uf_show_specific_survey":0,"_uf_disable_surveys":false,"jetpack_post_was_ever_published":false,"footnotes":""},"class_list":["post-96","page","type-page","status-publish","hentry"],"aioseo_notices":[],"jetpack_sharing_enabled":true,"jetpack_shortlink":"https:\/\/wp.me\/P1Ny4E-1y","jetpack_likes_enabled":true,"_links":{"self":[{"href":"https:\/\/www.couteaux-montlahuc.com\/index.php?rest_route=\/wp\/v2\/pages\/96","targetHints":{"allow":["GET"]}}],"collection":[{"href":"https:\/\/www.couteaux-montlahuc.com\/index.php?rest_route=\/wp\/v2\/pages"}],"about":[{"href":"https:\/\/www.couteaux-montlahuc.com\/index.php?rest_route=\/wp\/v2\/types\/page"}],"author":[{"embeddable":true,"href":"https:\/\/www.couteaux-montlahuc.com\/index.php?rest_route=\/wp\/v2\/users\/1"}],"replies":[{"embeddable":true,"href":"https:\/\/www.couteaux-montlahuc.com\/index.php?rest_route=%2Fwp%2Fv2%2Fcomments&post=96"}],"version-history":[{"count":12,"href":"https:\/\/www.couteaux-montlahuc.com\/index.php?rest_route=\/wp\/v2\/pages\/96\/revisions"}],"predecessor-version":[{"id":521,"href":"https:\/\/www.couteaux-montlahuc.com\/index.php?rest_route=\/wp\/v2\/pages\/96\/revisions\/521"}],"wp:attachment":[{"href":"https:\/\/www.couteaux-montlahuc.com\/index.php?rest_route=%2Fwp%2Fv2%2Fmedia&parent=96"}],"curies":[{"name":"wp","href":"https:\/\/api.w.org\/{rel}","templated":true}]}}